{"id":290,"date":"2024-12-29T16:23:55","date_gmt":"2024-12-29T15:23:55","guid":{"rendered":"https:\/\/lecoconcapillaire.com\/?page_id=290"},"modified":"2025-04-29T23:54:03","modified_gmt":"2025-04-29T21:54:03","slug":"confirmation-renaissance-capillaire","status":"publish","type":"page","link":"https:\/\/lecoconcapillaire.com\/index.php\/confirmation-renaissance-capillaire\/","title":{"rendered":"Confirmation &#8211; Renaissance Capillaire"},"content":{"rendered":"<p>[et_pb_section fb_built=&#8221;1&#8243; _builder_version=&#8221;4.23.1&#8243; _module_preset=&#8221;default&#8221; background_color=&#8221;#002C25&#8243; bottom_divider_color=&#8221;#002C25&#8243; global_colors_info=&#8221;{}&#8221;][et_pb_row _builder_version=&#8221;4.23.1&#8243; _module_preset=&#8221;default&#8221; global_colors_info=&#8221;{}&#8221;][et_pb_column type=&#8221;4_4&#8243; _builder_version=&#8221;4.23.1&#8243; _module_preset=&#8221;default&#8221; global_colors_info=&#8221;{}&#8221;][et_pb_text _builder_version=&#8221;4.23.1&#8243; _module_preset=&#8221;default&#8221; global_colors_info=&#8221;{}&#8221;]<\/p>\n<h1 style=\"text-align: center;\"><span style=\"font-size: xx-large; color: #fff3d3;\"><strong>RENAISSANCE CAPILLAIRE\u00a0<\/strong><\/span><\/h1>\n<p><strong><span style=\"font-size: xx-large;\"><\/span><\/strong><\/p>\n<p><strong><span style=\"font-size: xx-large;\"><\/span><\/strong><\/p>\n<h2 style=\"text-align: center;\"><span style=\"color: #fff3d3;\"><em>Programme de Coaching Capillaire Premium pour reprendre le Pouvoir sur tes Cheveux Afros<\/em><\/span><\/h2>\n<p>[\/et_pb_text][\/et_pb_column][\/et_pb_row][et_pb_row _builder_version=&#8221;4.23.1&#8243; _module_preset=&#8221;default&#8221; global_colors_info=&#8221;{}&#8221;][et_pb_column type=&#8221;4_4&#8243; _builder_version=&#8221;4.23.1&#8243; _module_preset=&#8221;default&#8221; global_colors_info=&#8221;{}&#8221;][et_pb_text _builder_version=&#8221;4.23.1&#8243; _module_preset=&#8221;default&#8221; text_font=&#8221;|800|||||||&#8221; global_colors_info=&#8221;{}&#8221;]<\/p>\n<p style=\"text-align: center;\"><span style=\"color: #fff3d3; font-size: xx-large;\"><span style=\"caret-color: #fff3d3;\">MERCI POUR TA CONFIANCE &#8211; FINALISE TON INSCRIPTION\u00a0<\/span><\/span><\/p>\n<p>[\/et_pb_text][\/et_pb_column][\/et_pb_row][\/et_pb_section][et_pb_section fb_built=&#8221;1&#8243; _builder_version=&#8221;4.23.1&#8243; _module_preset=&#8221;default&#8221; global_colors_info=&#8221;{}&#8221;][et_pb_row _builder_version=&#8221;4.23.1&#8243; _module_preset=&#8221;default&#8221; global_colors_info=&#8221;{}&#8221;][et_pb_column type=&#8221;4_4&#8243; _builder_version=&#8221;4.23.1&#8243; _module_preset=&#8221;default&#8221; global_colors_info=&#8221;{}&#8221;][et_pb_button button_url=&#8221;https:\/\/calendly.com\/mely-lecoconcapillaire\/privilege-renaissance&#8221; button_text=&#8221;FORMULE PRIVIL\u00c8GE &#8211; CHOISI TON CR\u00c9NEAU 22 OU 29 MAI&#8221; button_alignment=&#8221;center&#8221; _builder_version=&#8221;4.23.1&#8243; _module_preset=&#8221;default&#8221; custom_button=&#8221;on&#8221; button_text_color=&#8221;#002C25&#8243; button_bg_color=&#8221;#EDF000&#8243; hover_enabled=&#8221;0&#8243; global_colors_info=&#8221;{}&#8221; sticky_enabled=&#8221;0&#8243;][\/et_pb_button][et_pb_button button_url=&#8221;https:\/\/calendly.com\/mely-lecoconcapillaire\/masterclasse-renaissance-capillaire&#8221; button_text=&#8221;MASTERCLASSE DU 08 JUIN &#8211; CONFIRME TON INSCRIPTION&#8221; button_alignment=&#8221;center&#8221; _builder_version=&#8221;4.23.1&#8243; _module_preset=&#8221;default&#8221; custom_button=&#8221;on&#8221; button_text_color=&#8221;#002C25&#8243; button_bg_color=&#8221;#EDF000&#8243; hover_enabled=&#8221;0&#8243; global_colors_info=&#8221;{}&#8221; sticky_enabled=&#8221;0&#8243;][\/et_pb_button][\/et_pb_column][\/et_pb_row][et_pb_row _builder_version=&#8221;4.23.1&#8243; _module_preset=&#8221;default&#8221; global_colors_info=&#8221;{}&#8221;][et_pb_column type=&#8221;4_4&#8243; _builder_version=&#8221;4.23.1&#8243; _module_preset=&#8221;default&#8221; global_colors_info=&#8221;{}&#8221;][et_pb_text _builder_version=&#8221;4.23.1&#8243; _module_preset=&#8221;default&#8221; global_colors_info=&#8221;{}&#8221;]<\/p>\n<p style=\"text-align: center;\">Assure toi de bien s\u00e9lectionner l&#8217;onglet correspondant \u00e0 la formule que tu as choisie pr\u00e9c\u00e9demment lors de l&#8217;achat.\u00a0<\/p>\n<p style=\"text-align: center;\">En cas de doute v\u00e9rifie ton email de confirmation d&#8217;achat !<\/p>\n<p style=\"text-align: center;\">A tr\u00e8s vite !!<\/p>\n<p style=\"text-align: center;\">Mely<\/p>\n<p style=\"text-align: center;\">\n<p style=\"text-align: center;\">\n<p style=\"text-align: center;\">\n<p style=\"text-align: center;\">\n<p style=\"text-align: center;\"><em>Ps : tu rencontres une difficult\u00e9 ou tu es finalement indisponible pour ton coaching Privil\u00e8ge, contacte moi sur <strong>Instagram @holymane_<\/strong> ou par email <strong>mely@lecoconcapillaire.com<\/strong>. Bien que je ne propose pas de remboursement je peux convenir avec toi d&#8217;une autre date exceptionnellement.<\/em><\/p>\n<p style=\"text-align: center;\">\n<p>[\/et_pb_text][\/et_pb_column][\/et_pb_row][\/et_pb_section][et_pb_section fb_built=&#8221;1&#8243; fullwidth=&#8221;on&#8221; _builder_version=&#8221;4.23.1&#8243; _module_preset=&#8221;default&#8221; global_colors_info=&#8221;{}&#8221;][et_pb_fullwidth_image src=&#8221;http:\/\/lecoconcapillaire.com\/wp-content\/uploads\/2024\/12\/image-dune-femme-afro-jeune-souriante-et-rayonnante-qui-assume-ses-cheveux-afros-2.jpg&#8221; title_text=&#8221;image d&#8217;une femme afro jeune souriante et rayonnante qui assume ses cheveux afros -2&#8243; _builder_version=&#8221;4.23.1&#8243; _module_preset=&#8221;default&#8221; global_colors_info=&#8221;{}&#8221;][\/et_pb_fullwidth_image][\/et_pb_section][et_pb_section fb_built=&#8221;1&#8243; _builder_version=&#8221;4.23.1&#8243; _module_preset=&#8221;default&#8221; background_color=&#8221;#002C25&#8243; global_colors_info=&#8221;{}&#8221;][et_pb_row _builder_version=&#8221;4.23.1&#8243; _module_preset=&#8221;default&#8221; custom_padding=&#8221;33px|||||&#8221; global_colors_info=&#8221;{}&#8221;][et_pb_column type=&#8221;4_4&#8243; _builder_version=&#8221;4.23.1&#8243; _module_preset=&#8221;default&#8221; global_colors_info=&#8221;{}&#8221;][et_pb_text _builder_version=&#8221;4.23.1&#8243; _module_preset=&#8221;default&#8221; text_font=&#8221;|700|||||||&#8221; text_text_color=&#8221;#FFF3D3&#8243; text_font_size=&#8221;34px&#8221; text_line_height=&#8221;1.6em&#8221; text_orientation=&#8221;center&#8221; global_colors_info=&#8221;{}&#8221;]REJOINS NOTRE PROGRAMME CAPILLAIRE PREMIUM BAS\u00c9 SUR<br \/>\nL&#8217;AMOUR DU CHEVEU AFRO + LA SCIENCE DU CHEVEU TEXTUR\u00c9 +<br \/>\nLA CONNAISSANCE DES PRODUITS ET DES GESTES[\/et_pb_text][\/et_pb_column][\/et_pb_row][\/et_pb_section]<\/p>\n","protected":false},"excerpt":{"rendered":"<p>RENAISSANCE CAPILLAIRE\u00a0 Programme de Coaching Capillaire Premium pour reprendre le Pouvoir sur tes Cheveux AfrosMERCI POUR TA CONFIANCE &#8211; FINALISE TON INSCRIPTION\u00a0Assure toi de bien s\u00e9lectionner l&#8217;onglet correspondant \u00e0 la formule que tu as choisie pr\u00e9c\u00e9demment lors de l&#8217;achat.\u00a0 En cas de doute v\u00e9rifie ton email de confirmation d&#8217;achat ! A tr\u00e8s vite !! Mely [&hellip;]<\/p>\n","protected":false},"author":1,"featured_media":0,"parent":0,"menu_order":0,"comment_status":"closed","ping_status":"closed","template":"","meta":{"_et_pb_use_builder":"on","_et_pb_old_content":"","_et_gb_content_width":"","footnotes":""},"class_list":["post-290","page","type-page","status-publish","hentry"],"_links":{"self":[{"href":"https:\/\/lecoconcapillaire.com\/index.php\/wp-json\/wp\/v2\/pages\/290","targetHints":{"allow":["GET"]}}],"collection":[{"href":"https:\/\/lecoconcapillaire.com\/index.php\/wp-json\/wp\/v2\/pages"}],"about":[{"href":"https:\/\/lecoconcapillaire.com\/index.php\/wp-json\/wp\/v2\/types\/page"}],"author":[{"embeddable":true,"href":"https:\/\/lecoconcapillaire.com\/index.php\/wp-json\/wp\/v2\/users\/1"}],"replies":[{"embeddable":true,"href":"https:\/\/lecoconcapillaire.com\/index.php\/wp-json\/wp\/v2\/comments?post=290"}],"version-history":[{"count":5,"href":"https:\/\/lecoconcapillaire.com\/index.php\/wp-json\/wp\/v2\/pages\/290\/revisions"}],"predecessor-version":[{"id":327,"href":"https:\/\/lecoconcapillaire.com\/index.php\/wp-json\/wp\/v2\/pages\/290\/revisions\/327"}],"wp:attachment":[{"href":"https:\/\/lecoconcapillaire.com\/index.php\/wp-json\/wp\/v2\/media?parent=290"}],"curies":[{"name":"wp","href":"https:\/\/api.w.org\/{rel}","templated":true}]}}